{"id":246,"date":"2021-04-29T03:36:59","date_gmt":"2021-04-29T06:36:59","guid":{"rendered":"https:\/\/artstok.com.br\/?page_id=246"},"modified":"2023-02-17T14:04:23","modified_gmt":"2023-02-17T17:04:23","slug":"produtos","status":"publish","type":"page","link":"https:\/\/artstok.com.br\/?page_id=246","title":{"rendered":"Produtos"},"content":{"rendered":"\t\t<div data-elementor-type=\"wp-page\" data-elementor-id=\"246\" class=\"elementor elementor-246\">\n\t\t\t\t\t\t\t\t\t<section class=\"elementor-section elementor-top-section elementor-element elementor-element-ffcffe2 elementor-section-height-min-height elementor-section-boxed elementor-section-height-default elementor-section-items-middle\" data-id=\"ffcffe2\" data-element_type=\"section\">\n\t\t\t\t\t\t<div class=\"elementor-container elementor-column-gap-no\">\n\t\t\t\t\t<div class=\"elementor-column elementor-col-100 elementor-top-column elementor-element elementor-element-9ba166f\" data-id=\"9ba166f\" data-element_type=\"column\">\n\t\t\t<div class=\"elementor-widget-wrap elementor-element-populated\">\n\t\t\t\t\t\t\t\t<section class=\"elementor-section elementor-inner-section elementor-element elementor-element-d216bfb elementor-section-full_width elementor-section-height-default elementor-section-height-default\" data-id=\"d216bfb\" data-element_type=\"section\">\n\t\t\t\t\t\t<div class=\"elementor-container elementor-column-gap-default\">\n\t\t\t\t\t<div class=\"elementor-column elementor-col-33 elementor-inner-column elementor-element elementor-element-ad5cf3d\" data-id=\"ad5cf3d\" data-element_type=\"column\">\n\t\t\t<div class=\"elementor-widget-wrap elementor-element-populated\">\n\t\t\t\t\t\t\t\t<div class=\"elementor-element elementor-element-8fcb0bf elementor-widget elementor-widget-image\" data-id=\"8fcb0bf\" data-element_type=\"widget\" data-widget_type=\"image.default\">\n\t\t\t\t<div class=\"elementor-widget-container\">\n\t\t\t<style>\/*! elementor - v3.11.1 - 15-02-2023 *\/\n.elementor-widget-image{text-align:center}.elementor-widget-image a{display:inline-block}.elementor-widget-image a img[src$=\".svg\"]{width:48px}.elementor-widget-image img{vertical-align:middle;display:inline-block}<\/style>\t\t\t\t\t\t\t\t\t\t\t\t<img loading=\"lazy\" decoding=\"async\" width=\"1024\" height=\"1024\" src=\"https:\/\/artstok.com.br\/wp-content\/uploads\/2023\/02\/poltronas-1024x1024.jpg\" class=\"attachment-large size-large wp-image-1110\" alt=\"\" srcset=\"https:\/\/artstok.com.br\/wp-content\/uploads\/2023\/02\/poltronas-1024x1024.jpg 1024w, https:\/\/artstok.com.br\/wp-content\/uploads\/2023\/02\/poltronas-300x300.jpg 300w, https:\/\/artstok.com.br\/wp-content\/uploads\/2023\/02\/poltronas-150x150.jpg 150w, https:\/\/artstok.com.br\/wp-content\/uploads\/2023\/02\/poltronas-768x768.jpg 768w, https:\/\/artstok.com.br\/wp-content\/uploads\/2023\/02\/poltronas.jpg 1080w\" sizes=\"auto, (max-width: 1024px) 100vw, 1024px\" \/>\t\t\t\t\t\t\t\t\t\t\t\t\t\t\t<\/div>\n\t\t\t\t<\/div>\n\t\t\t\t<div class=\"elementor-element elementor-element-634b989 elementor-widget elementor-widget-heading\" data-id=\"634b989\" data-element_type=\"widget\" data-widget_type=\"heading.default\">\n\t\t\t\t<div class=\"elementor-widget-container\">\n\t\t\t<style>\/*! elementor - v3.11.1 - 15-02-2023 *\/\n.elementor-heading-title{padding:0;margin:0;line-height:1}.elementor-widget-heading .elementor-heading-title[class*=elementor-size-]>a{color:inherit;font-size:inherit;line-height:inherit}.elementor-widget-heading .elementor-heading-title.elementor-size-small{font-size:15px}.elementor-widget-heading .elementor-heading-title.elementor-size-medium{font-size:19px}.elementor-widget-heading .elementor-heading-title.elementor-size-large{font-size:29px}.elementor-widget-heading .elementor-heading-title.elementor-size-xl{font-size:39px}.elementor-widget-heading .elementor-heading-title.elementor-size-xxl{font-size:59px}<\/style><h4 class=\"elementor-heading-title elementor-size-default\">Poltronas<\/h4>\t\t<\/div>\n\t\t\t\t<\/div>\n\t\t\t\t<div class=\"elementor-element elementor-element-d7a267f elementor-widget elementor-widget-text-editor\" data-id=\"d7a267f\" data-element_type=\"widget\" data-widget_type=\"text-editor.default\">\n\t\t\t\t<div class=\"elementor-widget-container\">\n\t\t\t<style>\/*! elementor - v3.11.1 - 15-02-2023 *\/\n.elementor-widget-text-editor.elementor-drop-cap-view-stacked .elementor-drop-cap{background-color:#818a91;color:#fff}.elementor-widget-text-editor.elementor-drop-cap-view-framed .elementor-drop-cap{color:#818a91;border:3px solid;background-color:transparent}.elementor-widget-text-editor:not(.elementor-drop-cap-view-default) .elementor-drop-cap{margin-top:8px}.elementor-widget-text-editor:not(.elementor-drop-cap-view-default) .elementor-drop-cap-letter{width:1em;height:1em}.elementor-widget-text-editor .elementor-drop-cap{float:left;text-align:center;line-height:1;font-size:50px}.elementor-widget-text-editor .elementor-drop-cap-letter{display:inline-block}<\/style>\t\t\t\t<p>Delicadeza nas formas, com cores suaves e detalhes entalhados manualmente. Fino acabamento, repleto de linhas sinuosas tornando seu ambiente um verdadeiro luxo.<\/p>\t\t\t\t\t\t<\/div>\n\t\t\t\t<\/div>\n\t\t\t\t\t<\/div>\n\t\t<\/div>\n\t\t\t\t<div class=\"elementor-column elementor-col-33 elementor-inner-column elementor-element elementor-element-02b211b\" data-id=\"02b211b\" data-element_type=\"column\">\n\t\t\t<div class=\"elementor-widget-wrap elementor-element-populated\">\n\t\t\t\t\t\t\t\t<div class=\"elementor-element elementor-element-771dbd8 elementor-widget elementor-widget-image\" data-id=\"771dbd8\" data-element_type=\"widget\" data-widget_type=\"image.default\">\n\t\t\t\t<div class=\"elementor-widget-container\">\n\t\t\t\t\t\t\t\t\t\t\t\t\t\t\t<img loading=\"lazy\" decoding=\"async\" width=\"1024\" height=\"1024\" src=\"https:\/\/artstok.com.br\/wp-content\/uploads\/2023\/02\/20230113-1024x1024.jpg\" class=\"attachment-large size-large wp-image-1112\" alt=\"\" srcset=\"https:\/\/artstok.com.br\/wp-content\/uploads\/2023\/02\/20230113-1024x1024.jpg 1024w, https:\/\/artstok.com.br\/wp-content\/uploads\/2023\/02\/20230113-300x300.jpg 300w, https:\/\/artstok.com.br\/wp-content\/uploads\/2023\/02\/20230113-150x150.jpg 150w, https:\/\/artstok.com.br\/wp-content\/uploads\/2023\/02\/20230113-768x768.jpg 768w, https:\/\/artstok.com.br\/wp-content\/uploads\/2023\/02\/20230113.jpg 1080w\" sizes=\"auto, (max-width: 1024px) 100vw, 1024px\" \/>\t\t\t\t\t\t\t\t\t\t\t\t\t\t\t<\/div>\n\t\t\t\t<\/div>\n\t\t\t\t<div class=\"elementor-element elementor-element-dde76b5 elementor-widget elementor-widget-heading\" data-id=\"dde76b5\" data-element_type=\"widget\" data-widget_type=\"heading.default\">\n\t\t\t\t<div class=\"elementor-widget-container\">\n\t\t\t<h4 class=\"elementor-heading-title elementor-size-default\">Espelhos<\/h4>\t\t<\/div>\n\t\t\t\t<\/div>\n\t\t\t\t<div class=\"elementor-element elementor-element-61dec39 elementor-widget elementor-widget-text-editor\" data-id=\"61dec39\" data-element_type=\"widget\" data-widget_type=\"text-editor.default\">\n\t\t\t\t<div class=\"elementor-widget-container\">\n\t\t\t\t\t\t\t<p>Traga amplitude e ilumina\u00e7\u00e3o para seus espa\u00e7os. Decore suas paredes com cores e formas de molduras trabalhadas manualmente.<\/p>\t\t\t\t\t\t<\/div>\n\t\t\t\t<\/div>\n\t\t\t\t\t<\/div>\n\t\t<\/div>\n\t\t\t\t<div class=\"elementor-column elementor-col-33 elementor-inner-column elementor-element elementor-element-78f8a38\" data-id=\"78f8a38\" data-element_type=\"column\">\n\t\t\t<div class=\"elementor-widget-wrap elementor-element-populated\">\n\t\t\t\t\t\t\t\t<div class=\"elementor-element elementor-element-92c7c91 elementor-widget elementor-widget-image\" data-id=\"92c7c91\" data-element_type=\"widget\" data-widget_type=\"image.default\">\n\t\t\t\t<div class=\"elementor-widget-container\">\n\t\t\t\t\t\t\t\t\t\t\t\t\t\t\t<img loading=\"lazy\" decoding=\"async\" width=\"1024\" height=\"1024\" src=\"https:\/\/artstok.com.br\/wp-content\/uploads\/2023\/02\/20230208-1024x1024.jpg\" class=\"attachment-large size-large wp-image-1113\" alt=\"\" srcset=\"https:\/\/artstok.com.br\/wp-content\/uploads\/2023\/02\/20230208-1024x1024.jpg 1024w, https:\/\/artstok.com.br\/wp-content\/uploads\/2023\/02\/20230208-300x300.jpg 300w, https:\/\/artstok.com.br\/wp-content\/uploads\/2023\/02\/20230208-150x150.jpg 150w, https:\/\/artstok.com.br\/wp-content\/uploads\/2023\/02\/20230208-768x768.jpg 768w, https:\/\/artstok.com.br\/wp-content\/uploads\/2023\/02\/20230208.jpg 1080w\" sizes=\"auto, (max-width: 1024px) 100vw, 1024px\" \/>\t\t\t\t\t\t\t\t\t\t\t\t\t\t\t<\/div>\n\t\t\t\t<\/div>\n\t\t\t\t<div class=\"elementor-element elementor-element-616fff1 elementor-widget elementor-widget-heading\" data-id=\"616fff1\" data-element_type=\"widget\" data-widget_type=\"heading.default\">\n\t\t\t\t<div class=\"elementor-widget-container\">\n\t\t\t<h4 class=\"elementor-heading-title elementor-size-default\">Quadros decorativos<\/h4>\t\t<\/div>\n\t\t\t\t<\/div>\n\t\t\t\t<div class=\"elementor-element elementor-element-dcf0c65 elementor-widget elementor-widget-text-editor\" data-id=\"dcf0c65\" data-element_type=\"widget\" data-widget_type=\"text-editor.default\">\n\t\t\t\t<div class=\"elementor-widget-container\">\n\t\t\t\t\t\t\t<p>Utilize quadros nos ambientes de sua casa ou escrit\u00f3rio, desde salas de estar, jantar e TV, salas de reuni\u00e3o, recep\u00e7\u00e3o at\u00e9 quartos, banheiros, lavabos, cozinhas, e garagem!<\/p>\t\t\t\t\t\t<\/div>\n\t\t\t\t<\/div>\n\t\t\t\t\t<\/div>\n\t\t<\/div>\n\t\t\t\t\t\t\t<\/div>\n\t\t<\/section>\n\t\t\t\t<section class=\"elementor-section elementor-inner-section elementor-element elementor-element-83e47a7 elementor-section-full_width elementor-section-height-default elementor-section-height-default\" data-id=\"83e47a7\" data-element_type=\"section\">\n\t\t\t\t\t\t<div class=\"elementor-container elementor-column-gap-default\">\n\t\t\t\t\t<div class=\"elementor-column elementor-col-33 elementor-inner-column elementor-element elementor-element-0dbd2aa\" data-id=\"0dbd2aa\" data-element_type=\"column\">\n\t\t\t<div class=\"elementor-widget-wrap elementor-element-populated\">\n\t\t\t\t\t\t\t\t<div class=\"elementor-element elementor-element-67f52bd elementor-widget elementor-widget-image\" data-id=\"67f52bd\" data-element_type=\"widget\" data-widget_type=\"image.default\">\n\t\t\t\t<div class=\"elementor-widget-container\">\n\t\t\t\t\t\t\t\t\t\t\t\t\t\t\t<img loading=\"lazy\" decoding=\"async\" width=\"1024\" height=\"1024\" src=\"https:\/\/artstok.com.br\/wp-content\/uploads\/2023\/02\/20230210-1024x1024.jpg\" class=\"attachment-large size-large wp-image-1114\" alt=\"\" srcset=\"https:\/\/artstok.com.br\/wp-content\/uploads\/2023\/02\/20230210-1024x1024.jpg 1024w, https:\/\/artstok.com.br\/wp-content\/uploads\/2023\/02\/20230210-300x300.jpg 300w, https:\/\/artstok.com.br\/wp-content\/uploads\/2023\/02\/20230210-150x150.jpg 150w, https:\/\/artstok.com.br\/wp-content\/uploads\/2023\/02\/20230210-768x768.jpg 768w, https:\/\/artstok.com.br\/wp-content\/uploads\/2023\/02\/20230210.jpg 1080w\" sizes=\"auto, (max-width: 1024px) 100vw, 1024px\" \/>\t\t\t\t\t\t\t\t\t\t\t\t\t\t\t<\/div>\n\t\t\t\t<\/div>\n\t\t\t\t<div class=\"elementor-element elementor-element-0b5986c elementor-widget elementor-widget-heading\" data-id=\"0b5986c\" data-element_type=\"widget\" data-widget_type=\"heading.default\">\n\t\t\t\t<div class=\"elementor-widget-container\">\n\t\t\t<h4 class=\"elementor-heading-title elementor-size-default\">Cabeceiras e Camas<\/h4>\t\t<\/div>\n\t\t\t\t<\/div>\n\t\t\t\t<div class=\"elementor-element elementor-element-480e744 elementor-widget elementor-widget-text-editor\" data-id=\"480e744\" data-element_type=\"widget\" data-widget_type=\"text-editor.default\">\n\t\t\t\t<div class=\"elementor-widget-container\">\n\t\t\t\t\t\t\t<p>Traga mais luxo ao seu quarto com nossas camas e cabeceiras. Torne seu ambiente mais aconchegante com m\u00f3veis de acabamento premium!<\/p>\t\t\t\t\t\t<\/div>\n\t\t\t\t<\/div>\n\t\t\t\t\t<\/div>\n\t\t<\/div>\n\t\t\t\t<div class=\"elementor-column elementor-col-33 elementor-inner-column elementor-element elementor-element-0da70c9\" data-id=\"0da70c9\" data-element_type=\"column\">\n\t\t\t<div class=\"elementor-widget-wrap elementor-element-populated\">\n\t\t\t\t\t\t\t\t<div class=\"elementor-element elementor-element-b0374be elementor-widget elementor-widget-image\" data-id=\"b0374be\" data-element_type=\"widget\" data-widget_type=\"image.default\">\n\t\t\t\t<div class=\"elementor-widget-container\">\n\t\t\t\t\t\t\t\t\t\t\t\t\t\t\t<img loading=\"lazy\" decoding=\"async\" width=\"1024\" height=\"1024\" src=\"https:\/\/artstok.com.br\/wp-content\/uploads\/2023\/02\/20230204-1024x1024.jpg\" class=\"attachment-large size-large wp-image-1115\" alt=\"\" srcset=\"https:\/\/artstok.com.br\/wp-content\/uploads\/2023\/02\/20230204-1024x1024.jpg 1024w, https:\/\/artstok.com.br\/wp-content\/uploads\/2023\/02\/20230204-300x300.jpg 300w, https:\/\/artstok.com.br\/wp-content\/uploads\/2023\/02\/20230204-150x150.jpg 150w, https:\/\/artstok.com.br\/wp-content\/uploads\/2023\/02\/20230204-768x768.jpg 768w, https:\/\/artstok.com.br\/wp-content\/uploads\/2023\/02\/20230204.jpg 1080w\" sizes=\"auto, (max-width: 1024px) 100vw, 1024px\" \/>\t\t\t\t\t\t\t\t\t\t\t\t\t\t\t<\/div>\n\t\t\t\t<\/div>\n\t\t\t\t<div class=\"elementor-element elementor-element-b2459a1 elementor-widget elementor-widget-heading\" data-id=\"b2459a1\" data-element_type=\"widget\" data-widget_type=\"heading.default\">\n\t\t\t\t<div class=\"elementor-widget-container\">\n\t\t\t<h4 class=\"elementor-heading-title elementor-size-default\">Tapetes<\/h4>\t\t<\/div>\n\t\t\t\t<\/div>\n\t\t\t\t<div class=\"elementor-element elementor-element-cc6c899 elementor-widget elementor-widget-text-editor\" data-id=\"cc6c899\" data-element_type=\"widget\" data-widget_type=\"text-editor.default\">\n\t\t\t\t<div class=\"elementor-widget-container\">\n\t\t\t\t\t\t\t<p>Pe\u00e7as fundamentais na decora\u00e7\u00e3o, os tapetes s\u00e3o indispens\u00e1veis para que seus ambientes fiquem luxuosos, sofisticados e aconchegantes!<\/p>\t\t\t\t\t\t<\/div>\n\t\t\t\t<\/div>\n\t\t\t\t\t<\/div>\n\t\t<\/div>\n\t\t\t\t<div class=\"elementor-column elementor-col-33 elementor-inner-column elementor-element elementor-element-4ead8e6\" data-id=\"4ead8e6\" data-element_type=\"column\">\n\t\t\t<div class=\"elementor-widget-wrap elementor-element-populated\">\n\t\t\t\t\t\t\t\t<div class=\"elementor-element elementor-element-3855ef7 elementor-widget elementor-widget-image\" data-id=\"3855ef7\" data-element_type=\"widget\" data-widget_type=\"image.default\">\n\t\t\t\t<div class=\"elementor-widget-container\">\n\t\t\t\t\t\t\t\t\t\t\t\t\t\t\t<img loading=\"lazy\" decoding=\"async\" width=\"1024\" height=\"1024\" src=\"https:\/\/artstok.com.br\/wp-content\/uploads\/2023\/02\/20230206-1024x1024.jpg\" class=\"attachment-large size-large wp-image-1116\" alt=\"\" srcset=\"https:\/\/artstok.com.br\/wp-content\/uploads\/2023\/02\/20230206-1024x1024.jpg 1024w, https:\/\/artstok.com.br\/wp-content\/uploads\/2023\/02\/20230206-300x300.jpg 300w, https:\/\/artstok.com.br\/wp-content\/uploads\/2023\/02\/20230206-150x150.jpg 150w, https:\/\/artstok.com.br\/wp-content\/uploads\/2023\/02\/20230206-768x768.jpg 768w, https:\/\/artstok.com.br\/wp-content\/uploads\/2023\/02\/20230206.jpg 1080w\" sizes=\"auto, (max-width: 1024px) 100vw, 1024px\" \/>\t\t\t\t\t\t\t\t\t\t\t\t\t\t\t<\/div>\n\t\t\t\t<\/div>\n\t\t\t\t<div class=\"elementor-element elementor-element-eeaeb53 elementor-widget elementor-widget-heading\" data-id=\"eeaeb53\" data-element_type=\"widget\" data-widget_type=\"heading.default\">\n\t\t\t\t<div class=\"elementor-widget-container\">\n\t\t\t<h4 class=\"elementor-heading-title elementor-size-default\">Vasos decorativos<\/h4>\t\t<\/div>\n\t\t\t\t<\/div>\n\t\t\t\t<div class=\"elementor-element elementor-element-240ea1e elementor-widget elementor-widget-text-editor\" data-id=\"240ea1e\" data-element_type=\"widget\" data-widget_type=\"text-editor.default\">\n\t\t\t\t<div class=\"elementor-widget-container\">\n\t\t\t\t\t\t\t<p>Vasos decorativos deixam seus ambientes mais vivos e alegres, al\u00e9m de trazer sofistica\u00e7\u00e3o e luxo demonstrando harmonia na decora\u00e7\u00e3o.<\/p>\t\t\t\t\t\t<\/div>\n\t\t\t\t<\/div>\n\t\t\t\t\t<\/div>\n\t\t<\/div>\n\t\t\t\t\t\t\t<\/div>\n\t\t<\/section>\n\t\t\t\t<div class=\"elementor-element elementor-element-4506b91 elementor-align-center elementor-widget elementor-widget-button\" data-id=\"4506b91\" data-element_type=\"widget\" data-widget_type=\"button.default\">\n\t\t\t\t<div class=\"elementor-widget-container\">\n\t\t\t\t\t<div class=\"elementor-button-wrapper\">\n\t\t\t<a href=\"https:\/\/api.whatsapp.com\/send?phone=5511992164060&#038;text=Ol%C3%A1,%20gostaria%20de%20um%20or%C3%A7amento!\" class=\"elementor-button-link elementor-button elementor-size-sm\" role=\"button\">\n\t\t\t\t\t\t<span class=\"elementor-button-content-wrapper\">\n\t\t\t\t\t\t\t<span class=\"elementor-button-icon elementor-align-icon-right\">\n\t\t\t\t<i aria-hidden=\"true\" class=\"fas fa-arrow-right\"><\/i>\t\t\t<\/span>\n\t\t\t\t\t\t<span class=\"elementor-button-text\">Fale conosco<\/span>\n\t\t<\/span>\n\t\t\t\t\t<\/a>\n\t\t<\/div>\n\t\t\t\t<\/div>\n\t\t\t\t<\/div>\n\t\t\t\t\t<\/div>\n\t\t<\/div>\n\t\t\t\t\t\t\t<\/div>\n\t\t<\/section>\n\t\t\t\t<section class=\"elementor-section elementor-top-section elementor-element elementor-element-5ea53c1 elementor-section-content-middle elementor-section-boxed elementor-section-height-default elementor-section-height-default\" data-id=\"5ea53c1\" data-element_type=\"section\" data-settings=\"{&quot;background_background&quot;:&quot;classic&quot;}\">\n\t\t\t\t\t\t\t<div class=\"elementor-background-overlay\"><\/div>\n\t\t\t\t\t\t\t<div class=\"elementor-container elementor-column-gap-no\">\n\t\t\t\t\t<div class=\"elementor-column elementor-col-50 elementor-top-column elementor-element elementor-element-dc0dce4\" data-id=\"dc0dce4\" data-element_type=\"column\">\n\t\t\t<div class=\"elementor-widget-wrap elementor-element-populated\">\n\t\t\t\t\t\t\t\t<div class=\"elementor-element elementor-element-03d6c11 elementor-widget elementor-widget-image\" data-id=\"03d6c11\" data-element_type=\"widget\" data-widget_type=\"image.default\">\n\t\t\t\t<div class=\"elementor-widget-container\">\n\t\t\t\t\t\t\t\t\t\t\t\t\t\t\t<img loading=\"lazy\" decoding=\"async\" width=\"602\" height=\"401\" src=\"https:\/\/artstok.com.br\/wp-content\/uploads\/2023\/02\/help.jpg\" class=\"attachment-large size-large wp-image-1163\" alt=\"\" srcset=\"https:\/\/artstok.com.br\/wp-content\/uploads\/2023\/02\/help.jpg 602w, https:\/\/artstok.com.br\/wp-content\/uploads\/2023\/02\/help-300x200.jpg 300w\" sizes=\"auto, (max-width: 602px) 100vw, 602px\" \/>\t\t\t\t\t\t\t\t\t\t\t\t\t\t\t<\/div>\n\t\t\t\t<\/div>\n\t\t\t\t\t<\/div>\n\t\t<\/div>\n\t\t\t\t<div class=\"elementor-column elementor-col-50 elementor-top-column elementor-element elementor-element-f75775a\" data-id=\"f75775a\" data-element_type=\"column\" data-settings=\"{&quot;background_background&quot;:&quot;classic&quot;}\">\n\t\t\t<div class=\"elementor-widget-wrap elementor-element-populated\">\n\t\t\t\t\t<div class=\"elementor-background-overlay\"><\/div>\n\t\t\t\t\t\t\t\t<div class=\"elementor-element elementor-element-50ad90b elementor-widget elementor-widget-heading\" data-id=\"50ad90b\" data-element_type=\"widget\" data-widget_type=\"heading.default\">\n\t\t\t\t<div class=\"elementor-widget-container\">\n\t\t\t<h2 class=\"elementor-heading-title elementor-size-large\">Estamos aqui para ajudar!<\/h2>\t\t<\/div>\n\t\t\t\t<\/div>\n\t\t\t\t<div class=\"elementor-element elementor-element-ea63d60 elementor-widget elementor-widget-button\" data-id=\"ea63d60\" data-element_type=\"widget\" data-widget_type=\"button.default\">\n\t\t\t\t<div class=\"elementor-widget-container\">\n\t\t\t\t\t<div class=\"elementor-button-wrapper\">\n\t\t\t<a href=\"https:\/\/api.whatsapp.com\/send?phone=5511992164060&#038;text=Ol%C3%A1,%20gostaria%20de%20um%20or%C3%A7amento!\" class=\"elementor-button-link elementor-button elementor-size-sm\" role=\"button\">\n\t\t\t\t\t\t<span class=\"elementor-button-content-wrapper\">\n\t\t\t\t\t\t\t<span class=\"elementor-button-icon elementor-align-icon-right\">\n\t\t\t\t<i aria-hidden=\"true\" class=\"fas fa-arrow-right\"><\/i>\t\t\t<\/span>\n\t\t\t\t\t\t<span class=\"elementor-button-text\">WhatsApp<\/span>\n\t\t<\/span>\n\t\t\t\t\t<\/a>\n\t\t<\/div>\n\t\t\t\t<\/div>\n\t\t\t\t<\/div>\n\t\t\t\t\t<\/div>\n\t\t<\/div>\n\t\t\t\t\t\t\t<\/div>\n\t\t<\/section>\n\t\t\t\t\t\t\t<\/div>\n\t\t","protected":false},"excerpt":{"rendered":"<p>Poltronas Delicadeza nas formas, com cores suaves e detalhes entalhados manualmente. Fino acabamento, repleto de linhas sinuosas tornando seu ambiente um verdadeiro luxo. Espelhos Traga amplitude e ilumina\u00e7\u00e3o para seus espa\u00e7os. Decore suas paredes com cores e formas de molduras trabalhadas manualmente. Quadros decorativos Utilize quadros nos ambientes de sua casa ou escrit\u00f3rio, desde salas &hellip;<\/p>\n<p class=\"read-more\"> <a class=\"\" href=\"https:\/\/artstok.com.br\/?page_id=246\"> <span class=\"screen-reader-text\">Produtos<\/span> Leia mais &raquo;<\/a><\/p>\n","protected":false},"author":1,"featured_media":0,"parent":0,"menu_order":0,"comment_status":"closed","ping_status":"closed","template":"","meta":{"_uag_custom_page_level_css":"","site-sidebar-layout":"no-sidebar","site-content-layout":"page-builder","ast-global-header-display":"","ast-main-header-display":"","ast-hfb-above-header-display":"","ast-hfb-below-header-display":"","ast-hfb-mobile-header-display":"","site-post-title":"disabled","ast-breadcrumbs-content":"","ast-featured-img":"disabled","footer-sml-layout":"","theme-transparent-header-meta":"enabled","adv-header-id-meta":"","stick-header-meta":"","header-above-stick-meta":"","header-main-stick-meta":"","header-below-stick-meta":"","footnotes":""},"class_list":["post-246","page","type-page","status-publish","hentry"],"uagb_featured_image_src":{"full":false,"thumbnail":false,"medium":false,"medium_large":false,"large":false,"1536x1536":false,"2048x2048":false},"uagb_author_info":{"display_name":"Admin","author_link":"https:\/\/artstok.com.br\/?author=1"},"uagb_comment_info":0,"uagb_excerpt":"Poltronas Delicadeza nas formas, com cores suaves e detalhes entalhados manualmente. Fino acabamento, repleto de linhas sinuosas tornando seu ambiente um verdadeiro luxo. Espelhos Traga amplitude e ilumina\u00e7\u00e3o para seus espa\u00e7os. Decore suas paredes com cores e formas de molduras trabalhadas manualmente. Quadros decorativos Utilize quadros nos ambientes de sua casa ou escrit\u00f3rio, desde salas&hellip;","_links":{"self":[{"href":"https:\/\/artstok.com.br\/index.php?rest_route=\/wp\/v2\/pages\/246","targetHints":{"allow":["GET"]}}],"collection":[{"href":"https:\/\/artstok.com.br\/index.php?rest_route=\/wp\/v2\/pages"}],"about":[{"href":"https:\/\/artstok.com.br\/index.php?rest_route=\/wp\/v2\/types\/page"}],"author":[{"embeddable":true,"href":"https:\/\/artstok.com.br\/index.php?rest_route=\/wp\/v2\/users\/1"}],"replies":[{"embeddable":true,"href":"https:\/\/artstok.com.br\/index.php?rest_route=%2Fwp%2Fv2%2Fcomments&post=246"}],"version-history":[{"count":29,"href":"https:\/\/artstok.com.br\/index.php?rest_route=\/wp\/v2\/pages\/246\/revisions"}],"predecessor-version":[{"id":1166,"href":"https:\/\/artstok.com.br\/index.php?rest_route=\/wp\/v2\/pages\/246\/revisions\/1166"}],"wp:attachment":[{"href":"https:\/\/artstok.com.br\/index.php?rest_route=%2Fwp%2Fv2%2Fmedia&parent=246"}],"curies":[{"name":"wp","href":"https:\/\/api.w.org\/{rel}","templated":true}]}}